{"id":4563,"date":"2019-02-09T09:07:50","date_gmt":"2019-02-09T02:07:50","guid":{"rendered":"https:\/\/mbt-testing.com\/?post_type=product&#038;p=4563"},"modified":"2021-09-29T10:53:44","modified_gmt":"2021-09-29T03:53:44","slug":"plate-loading-test-set","status":"publish","type":"product","link":"https:\/\/mbt-testing.com\/en\/product\/plate-loading-test-set\/","title":{"rendered":"PLATE LOADING TEST SET"},"content":{"rendered":"<p>Specification<\/p>\n<p><strong>TET-251.1\u00a0 \u00a0 <\/strong>300 kN Plate Loading Test Set with analog Dial Gauges &amp; analog Readout Unit)<br \/>\n<strong>TET-252.1\u00a0 \u00a0 <\/strong>300 kN Plate Loading Test Set, with Displacement Transducers and Data Logger<br \/>\n<strong>TET-253.1\u00a0 \u00a0 <\/strong>Hydraulic Jack with Load Transfer Arm, 300 kN capacity, for Plate Load Bearing Test Sets<br \/>\n<strong>TET-254.1\u00a0 \u00a0 <\/strong>Loading Plate, \u00d8152 mm, for plate loading test.<br \/>\n<strong>TET-255.1\u00a0 \u00a0 <\/strong>Loading Plate, \u00d8160 mm, for plate loading test.<br \/>\n<strong>TET-256.1\u00a0 \u00a0 <\/strong>Loading Plate, \u00d8305 mm, for plate loading test<br \/>\n<strong>TET-257.1\u00a0 \u00a0 <\/strong>Loading Plate \u00d8 457 mm for plate loading tes<br \/>\n<strong>TET-258.1\u00a0 \u00a0 <\/strong>Loading Plate \u00d8 610 mm for plate loading test.<br \/>\n<strong>TET-259.1\u00a0 \u00a0 <\/strong>Loading Plate \u00d8 762 mm for plate loading test.<br \/>\n<strong>TET-260.1\u00a0 \u00a0 <\/strong>Loading Plate Set for Plate Loading Test. ASTM, \u00d8152, \u00d8305, \u00d8457, \u00d8610 and \u00d8762mm plates<\/p>\n","protected":false},"excerpt":{"rendered":"<p>Plate Loading Test Set Set consists of a 300 kN capacity piston assembly and hydraulic hand pump, pressure transducer, 3 pcs. 25 mm travel x 0.01 mm, analog dial gauges with dial supports.<\/p>\n","protected":false},"featured_media":5324,"template":"","meta":{"_bbp_topic_count":0,"_bbp_reply_count":0,"_bbp_total_topic_count":0,"_bbp_total_reply_count":0,"_bbp_voice_count":0,"_bbp_anonymous_reply_count":0,"_bbp_topic_count_hidden":0,"_bbp_reply_count_hidden":0,"_bbp_forum_subforum_count":0,"_mi_skip_tracking":false,"_monsterinsights_skip_tracking":false,"_monsterinsights_sitenote_active":false,"_monsterinsights_sitenote_note":"","_monsterinsights_sitenote_category":0,"spay_email":""},"product_cat":[60],"product_tag":[],"class_list":["post-4563","product","type-product","status-publish","has-post-thumbnail","hentry","product_cat-soil"],"aioseo_notices":[],"_links":{"self":[{"href":"https:\/\/mbt-testing.com\/en\/wp-json\/wp\/v2\/product\/4563","targetHints":{"allow":["GET"]}}],"collection":[{"href":"https:\/\/mbt-testing.com\/en\/wp-json\/wp\/v2\/product"}],"about":[{"href":"https:\/\/mbt-testing.com\/en\/wp-json\/wp\/v2\/types\/product"}],"wp:featuredmedia":[{"embeddable":true,"href":"https:\/\/mbt-testing.com\/en\/wp-json\/wp\/v2\/media\/5324"}],"wp:attachment":[{"href":"https:\/\/mbt-testing.com\/en\/wp-json\/wp\/v2\/media?parent=4563"}],"wp:term":[{"taxonomy":"product_cat","embeddable":true,"href":"https:\/\/mbt-testing.com\/en\/wp-json\/wp\/v2\/product_cat?post=4563"},{"taxonomy":"product_tag","embeddable":true,"href":"https:\/\/mbt-testing.com\/en\/wp-json\/wp\/v2\/product_tag?post=4563"}],"curies":[{"name":"wp","href":"https:\/\/api.w.org\/{rel}","templated":true}]}}